{"id":2130,"date":"2025-12-04T21:23:59","date_gmt":"2025-12-04T20:23:59","guid":{"rendered":"https:\/\/rezal.hr\/?page_id=2130"},"modified":"2025-12-04T21:40:46","modified_gmt":"2025-12-04T20:40:46","slug":"projekti","status":"publish","type":"page","link":"https:\/\/rezal.hr\/?page_id=2130","title":{"rendered":"Projekti"},"content":{"rendered":"\t\t<div data-elementor-type=\"wp-page\" data-elementor-id=\"2130\" class=\"elementor elementor-2130\">\n\t\t\t\t\t\t\t<div class=\"elementor-element elementor-element-5d8fec5a e-flex e-con-boxed e-con e-parent\" data-id=\"5d8fec5a\" data-element_type=\"container\" data-settings=\"{&quot;content_width&quot;:&quot;boxed&quot;}\" data-core-v316-plus=\"true\">\n\t\t\t\t\t<div class=\"e-con-inner\">\n\t\t<div class=\"elementor-element elementor-element-6f1659ed e-flex e-con-boxed e-con e-child\" data-id=\"6f1659ed\" data-element_type=\"container\" data-settings=\"{&quot;content_width&quot;:&quot;boxed&quot;}\">\n\t\t\t\t\t<div class=\"e-con-inner\">\n\t\t\t\t<div class=\"elementor-element elementor-element-46e92015 elementor-widget__width-initial elementor-widget elementor-widget-image\" data-id=\"46e92015\" data-element_type=\"widget\" data-widget_type=\"image.default\">\n\t\t\t\t<div class=\"elementor-widget-container\">\n\t\t\t<style>\/*! elementor - v3.17.0 - 08-11-2023 *\/\n.elementor-widget-image{text-align:center}.elementor-widget-image a{display:inline-block}.elementor-widget-image a img[src$=\".svg\"]{width:48px}.elementor-widget-image img{vertical-align:middle;display:inline-block}<\/style>\t\t\t\t\t\t\t\t\t\t\t\t\t<a href=\"https:\/\/rezal.hr\/\">\n\t\t\t\t\t\t\t<img fetchpriority=\"high\" decoding=\"async\" width=\"768\" height=\"162\" src=\"https:\/\/rezal.hr\/wp-content\/uploads\/2023\/11\/rezal-logo.svg\" class=\"attachment-full size-full wp-image-2037\" alt=\"\" \/>\t\t\t\t\t\t\t\t<\/a>\n\t\t\t\t\t\t\t\t\t\t\t\t\t\t\t<\/div>\n\t\t\t\t<\/div>\n\t\t\t\t<div class=\"elementor-element elementor-element-7112794b elementor-widget elementor-widget-heading\" data-id=\"7112794b\" data-element_type=\"widget\" data-widget_type=\"heading.default\">\n\t\t\t\t<div class=\"elementor-widget-container\">\n\t\t\t<style>\/*! elementor - v3.17.0 - 08-11-2023 *\/\n.elementor-heading-title{padding:0;margin:0;line-height:1}.elementor-widget-heading .elementor-heading-title[class*=elementor-size-]>a{color:inherit;font-size:inherit;line-height:inherit}.elementor-widget-heading .elementor-heading-title.elementor-size-small{font-size:15px}.elementor-widget-heading .elementor-heading-title.elementor-size-medium{font-size:19px}.elementor-widget-heading .elementor-heading-title.elementor-size-large{font-size:29px}.elementor-widget-heading .elementor-heading-title.elementor-size-xl{font-size:39px}.elementor-widget-heading .elementor-heading-title.elementor-size-xxl{font-size:59px}<\/style><h2 class=\"elementor-heading-title elementor-size-default\"><a href=\"https:\/\/rezal.hr\/?page_id=2062\">Virtualna \u0161etnica<\/a><\/h2>\t\t<\/div>\n\t\t\t\t<\/div>\n\t\t\t\t<div class=\"elementor-element elementor-element-f8f3ea5 elementor-widget elementor-widget-heading\" data-id=\"f8f3ea5\" data-element_type=\"widget\" data-widget_type=\"heading.default\">\n\t\t\t\t<div class=\"elementor-widget-container\">\n\t\t\t<h2 class=\"elementor-heading-title elementor-size-default\"><a href=\"https:\/\/rezal.hr\/?page_id=2130\">Projekti<\/a><\/h2>\t\t<\/div>\n\t\t\t\t<\/div>\n\t\t\t\t\t<\/div>\n\t\t\t\t<\/div>\n\t\t<div class=\"elementor-element elementor-element-07e1eff e-con-full e-flex e-con e-child\" data-id=\"07e1eff\" data-element_type=\"container\" data-settings=\"{&quot;content_width&quot;:&quot;full&quot;}\">\n\t\t\t\t<div class=\"elementor-element elementor-element-ce6a0f8 gallery-spacing-custom elementor-widget elementor-widget-image-gallery\" data-id=\"ce6a0f8\" data-element_type=\"widget\" data-widget_type=\"image-gallery.default\">\n\t\t\t\t<div class=\"elementor-widget-container\">\n\t\t\t<style>\/*! elementor - v3.17.0 - 08-11-2023 *\/\n.elementor-image-gallery .gallery-item{display:inline-block;text-align:center;vertical-align:top;width:100%;max-width:100%;margin:0 auto}.elementor-image-gallery .gallery-item img{margin:0 auto}.elementor-image-gallery .gallery-item .gallery-caption{margin:0}.elementor-image-gallery figure img{display:block}.elementor-image-gallery figure figcaption{width:100%}.gallery-spacing-custom .elementor-image-gallery .gallery-icon{padding:0}@media (min-width:768px){.elementor-image-gallery .gallery-columns-2 .gallery-item{max-width:50%}.elementor-image-gallery .gallery-columns-3 .gallery-item{max-width:33.33%}.elementor-image-gallery .gallery-columns-4 .gallery-item{max-width:25%}.elementor-image-gallery .gallery-columns-5 .gallery-item{max-width:20%}.elementor-image-gallery .gallery-columns-6 .gallery-item{max-width:16.666%}.elementor-image-gallery .gallery-columns-7 .gallery-item{max-width:14.28%}.elementor-image-gallery .gallery-columns-8 .gallery-item{max-width:12.5%}.elementor-image-gallery .gallery-columns-9 .gallery-item{max-width:11.11%}.elementor-image-gallery .gallery-columns-10 .gallery-item{max-width:10%}}@media (min-width:480px) and (max-width:767px){.elementor-image-gallery .gallery.gallery-columns-2 .gallery-item,.elementor-image-gallery .gallery.gallery-columns-3 .gallery-item,.elementor-image-gallery .gallery.gallery-columns-4 .gallery-item,.elementor-image-gallery .gallery.gallery-columns-5 .gallery-item,.elementor-image-gallery .gallery.gallery-columns-6 .gallery-item,.elementor-image-gallery .gallery.gallery-columns-7 .gallery-item,.elementor-image-gallery .gallery.gallery-columns-8 .gallery-item,.elementor-image-gallery .gallery.gallery-columns-9 .gallery-item,.elementor-image-gallery .gallery.gallery-columns-10 .gallery-item{max-width:50%}}@media (max-width:479px){.elementor-image-gallery .gallery.gallery-columns-2 .gallery-item,.elementor-image-gallery .gallery.gallery-columns-3 .gallery-item,.elementor-image-gallery .gallery.gallery-columns-4 .gallery-item,.elementor-image-gallery .gallery.gallery-columns-5 .gallery-item,.elementor-image-gallery .gallery.gallery-columns-6 .gallery-item,.elementor-image-gallery .gallery.gallery-columns-7 .gallery-item,.elementor-image-gallery .gallery.gallery-columns-8 .gallery-item,.elementor-image-gallery .gallery.gallery-columns-9 .gallery-item,.elementor-image-gallery .gallery.gallery-columns-10 .gallery-item{max-width:100%}}<\/style>\t\t<div class=\"elementor-image-gallery\">\n\t\t\t<div id='gallery-1' class='gallery galleryid-2130 gallery-columns-3 gallery-size-full'><figure class='gallery-item'>\n\t\t\t<div class='gallery-icon landscape'>\n\t\t\t\t<a data-elementor-open-lightbox=\"yes\" data-elementor-lightbox-slideshow=\"ce6a0f8\" data-elementor-lightbox-title=\"rezal4\" data-e-action-hash=\"#elementor-action%3Aaction%3Dlightbox%26settings%3DeyJpZCI6MTk3MiwidXJsIjoiaHR0cHM6XC9cL3JlemFsLmhyXC93cC1jb250ZW50XC91cGxvYWRzXC8yMDE5XC8wMVwvcmV6YWw0LmpwZyIsInNsaWRlc2hvdyI6ImNlNmEwZjgifQ%3D%3D\" href='https:\/\/rezal.hr\/wp-content\/uploads\/2019\/01\/rezal4.jpg'><img decoding=\"async\" width=\"1076\" height=\"803\" src=\"https:\/\/rezal.hr\/wp-content\/uploads\/2019\/01\/rezal4.jpg\" class=\"attachment-full size-full\" alt=\"zgrada firme\" srcset=\"https:\/\/rezal.hr\/wp-content\/uploads\/2019\/01\/rezal4.jpg 1076w, https:\/\/rezal.hr\/wp-content\/uploads\/2019\/01\/rezal4-300x224.jpg 300w, https:\/\/rezal.hr\/wp-content\/uploads\/2019\/01\/rezal4-768x573.jpg 768w, https:\/\/rezal.hr\/wp-content\/uploads\/2019\/01\/rezal4-1024x764.jpg 1024w, https:\/\/rezal.hr\/wp-content\/uploads\/2019\/01\/rezal4-600x448.jpg 600w\" sizes=\"(max-width: 1076px) 100vw, 1076px\" \/><\/a>\n\t\t\t<\/div><\/figure><figure class='gallery-item'>\n\t\t\t<div class='gallery-icon landscape'>\n\t\t\t\t<a data-elementor-open-lightbox=\"yes\" data-elementor-lightbox-slideshow=\"ce6a0f8\" data-elementor-lightbox-title=\"rezal2\" data-e-action-hash=\"#elementor-action%3Aaction%3Dlightbox%26settings%3DeyJpZCI6MTk3MCwidXJsIjoiaHR0cHM6XC9cL3JlemFsLmhyXC93cC1jb250ZW50XC91cGxvYWRzXC8yMDE5XC8wMVwvcmV6YWwyLmpwZyIsInNsaWRlc2hvdyI6ImNlNmEwZjgifQ%3D%3D\" href='https:\/\/rezal.hr\/wp-content\/uploads\/2019\/01\/rezal2.jpg'><img decoding=\"async\" width=\"1080\" height=\"803\" src=\"https:\/\/rezal.hr\/wp-content\/uploads\/2019\/01\/rezal2.jpg\" class=\"attachment-full size-full\" alt=\"\" srcset=\"https:\/\/rezal.hr\/wp-content\/uploads\/2019\/01\/rezal2.jpg 1080w, https:\/\/rezal.hr\/wp-content\/uploads\/2019\/01\/rezal2-300x223.jpg 300w, https:\/\/rezal.hr\/wp-content\/uploads\/2019\/01\/rezal2-768x571.jpg 768w, https:\/\/rezal.hr\/wp-content\/uploads\/2019\/01\/rezal2-1024x761.jpg 1024w, https:\/\/rezal.hr\/wp-content\/uploads\/2019\/01\/rezal2-600x446.jpg 600w\" sizes=\"(max-width: 1080px) 100vw, 1080px\" \/><\/a>\n\t\t\t<\/div><\/figure><figure class='gallery-item'>\n\t\t\t<div class='gallery-icon landscape'>\n\t\t\t\t<a data-elementor-open-lightbox=\"yes\" data-elementor-lightbox-slideshow=\"ce6a0f8\" data-elementor-lightbox-title=\"rezal1\" data-e-action-hash=\"#elementor-action%3Aaction%3Dlightbox%26settings%3DeyJpZCI6MTk2OSwidXJsIjoiaHR0cHM6XC9cL3JlemFsLmhyXC93cC1jb250ZW50XC91cGxvYWRzXC8yMDE5XC8wMVwvcmV6YWwxLmpwZyIsInNsaWRlc2hvdyI6ImNlNmEwZjgifQ%3D%3D\" href='https:\/\/rezal.hr\/wp-content\/uploads\/2019\/01\/rezal1.jpg'><img loading=\"lazy\" decoding=\"async\" width=\"4032\" height=\"3024\" src=\"https:\/\/rezal.hr\/wp-content\/uploads\/2019\/01\/rezal1.jpg\" class=\"attachment-full size-full\" alt=\"\" aria-describedby=\"gallery-1-1969\" srcset=\"https:\/\/rezal.hr\/wp-content\/uploads\/2019\/01\/rezal1.jpg 4032w, https:\/\/rezal.hr\/wp-content\/uploads\/2019\/01\/rezal1-300x225.jpg 300w, https:\/\/rezal.hr\/wp-content\/uploads\/2019\/01\/rezal1-768x576.jpg 768w, https:\/\/rezal.hr\/wp-content\/uploads\/2019\/01\/rezal1-1024x768.jpg 1024w, https:\/\/rezal.hr\/wp-content\/uploads\/2019\/01\/rezal1-600x450.jpg 600w\" sizes=\"(max-width: 4032px) 100vw, 4032px\" \/><\/a>\n\t\t\t<\/div>\n\t\t\t\t<figcaption class='wp-caption-text gallery-caption' id='gallery-1-1969'>\n\t\t\t\ttest 3\n\t\t\t\t<\/figcaption><\/figure>\n\t\t<\/div>\n\t\t<\/div>\n\t\t\t\t<\/div>\n\t\t\t\t<\/div>\n\t\t\t\t<\/div>\n\t\t<div class=\"elementor-element elementor-element-485c9c0 e-flex e-con-boxed e-con e-child\" data-id=\"485c9c0\" data-element_type=\"container\" data-settings=\"{&quot;content_width&quot;:&quot;boxed&quot;}\">\n\t\t\t\t\t<div class=\"e-con-inner\">\n\t\t\t\t<div class=\"elementor-element elementor-element-5d431e81 elementor-widget elementor-widget-text-editor\" data-id=\"5d431e81\" data-element_type=\"widget\" data-widget_type=\"text-editor.default\">\n\t\t\t\t<div class=\"elementor-widget-container\">\n\t\t\t<style>\/*! elementor - v3.17.0 - 08-11-2023 *\/\n.elementor-widget-text-editor.elementor-drop-cap-view-stacked .elementor-drop-cap{background-color:#69727d;color:#fff}.elementor-widget-text-editor.elementor-drop-cap-view-framed .elementor-drop-cap{color:#69727d;border:3px solid;background-color:transparent}.elementor-widget-text-editor:not(.elementor-drop-cap-view-default) .elementor-drop-cap{margin-top:8px}.elementor-widget-text-editor:not(.elementor-drop-cap-view-default) .elementor-drop-cap-letter{width:1em;height:1em}.elementor-widget-text-editor .elementor-drop-cap{float:left;text-align:center;line-height:1;font-size:50px}.elementor-widget-text-editor .elementor-drop-cap-letter{display:inline-block}<\/style>\t\t\t\t<p><strong>Rezal d.o.o.<\/strong><br \/>Dra\u010devac 9, Split<br \/>21000, Split<\/p>\t\t\t\t\t\t<\/div>\n\t\t\t\t<\/div>\n\t\t\t\t<div class=\"elementor-element elementor-element-2bd21165 elementor-widget elementor-widget-text-editor\" data-id=\"2bd21165\" data-element_type=\"widget\" data-widget_type=\"text-editor.default\">\n\t\t\t\t<div class=\"elementor-widget-container\">\n\t\t\t\t\t\t\t<p>Ra\u010dunovodstvo<br \/><a class=\"c-link c-link--underline\" href=\"mailto:racunovodstvo@rezal.hr\" target=\"_blank\" rel=\"noopener noreferrer\" data-stringify-link=\"mailto:racunovodstvo@rezal.hr\" data-sk=\"tooltip_parent\" aria-haspopup=\"menu\">racunovodstvo@rezal.hr<\/a>\u00a0<br \/>021 374\u00a0303<\/p>\t\t\t\t\t\t<\/div>\n\t\t\t\t<\/div>\n\t\t\t\t<div class=\"elementor-element elementor-element-383ff7c9 elementor-widget elementor-widget-text-editor\" data-id=\"383ff7c9\" data-element_type=\"widget\" data-widget_type=\"text-editor.default\">\n\t\t\t\t<div class=\"elementor-widget-container\">\n\t\t\t\t\t\t\t<p>Prodaja<br \/><a class=\"c-link c-link--underline\" href=\"mailto:rezal.split@rezal.hr\" target=\"_blank\" rel=\"noopener noreferrer\" data-stringify-link=\"mailto:rezal.split@rezal.hr\" data-sk=\"tooltip_parent\" aria-haspopup=\"menu\">rezal.split@rezal.hr<\/a><\/p>\t\t\t\t\t\t<\/div>\n\t\t\t\t<\/div>\n\t\t\t\t\t<\/div>\n\t\t\t\t<\/div>\n\t\t\t\t\t<\/div>\n\t\t\t\t<\/div>\n\t\t\t\t\t\t\t<\/div>\n\t\t","protected":false},"excerpt":{"rendered":"<p>Virtualna \u0161etnica Projekti test 3 Rezal d.o.o.Dra\u010devac 9, Split21000, Split Ra\u010dunovodstvoracunovodstvo@rezal.hr\u00a0021 374\u00a0303 Prodajarezal.split@rezal.hr<\/p>\n","protected":false},"author":1,"featured_media":0,"parent":0,"menu_order":0,"comment_status":"closed","ping_status":"closed","template":"elementor_canvas","meta":{"inline_featured_image":false,"footnotes":""},"_links":{"self":[{"href":"https:\/\/rezal.hr\/index.php?rest_route=\/wp\/v2\/pages\/2130"}],"collection":[{"href":"https:\/\/rezal.hr\/index.php?rest_route=\/wp\/v2\/pages"}],"about":[{"href":"https:\/\/rezal.hr\/index.php?rest_route=\/wp\/v2\/types\/page"}],"author":[{"embeddable":true,"href":"https:\/\/rezal.hr\/index.php?rest_route=\/wp\/v2\/users\/1"}],"replies":[{"embeddable":true,"href":"https:\/\/rezal.hr\/index.php?rest_route=%2Fwp%2Fv2%2Fcomments&post=2130"}],"version-history":[{"count":17,"href":"https:\/\/rezal.hr\/index.php?rest_route=\/wp\/v2\/pages\/2130\/revisions"}],"predecessor-version":[{"id":2160,"href":"https:\/\/rezal.hr\/index.php?rest_route=\/wp\/v2\/pages\/2130\/revisions\/2160"}],"wp:attachment":[{"href":"https:\/\/rezal.hr\/index.php?rest_route=%2Fwp%2Fv2%2Fmedia&parent=2130"}],"curies":[{"name":"wp","href":"https:\/\/api.w.org\/{rel}","templated":true}]}}