{"id":2062,"date":"2023-11-20T18:44:15","date_gmt":"2023-11-20T17:44:15","guid":{"rendered":"https:\/\/rezal.hr\/?page_id=2062"},"modified":"2025-12-04T21:36:24","modified_gmt":"2025-12-04T20:36:24","slug":"virtualna-setnica","status":"publish","type":"page","link":"https:\/\/rezal.hr\/?page_id=2062","title":{"rendered":"Virtualna \u0160etnica"},"content":{"rendered":"\t\t<div data-elementor-type=\"wp-page\" data-elementor-id=\"2062\" class=\"elementor elementor-2062\">\n\t\t\t\t\t\t\t<div class=\"elementor-element elementor-element-516e907 e-flex e-con-boxed e-con e-parent\" data-id=\"516e907\" data-element_type=\"container\" data-settings=\"{&quot;content_width&quot;:&quot;boxed&quot;}\" data-core-v316-plus=\"true\">\n\t\t\t\t\t<div class=\"e-con-inner\">\n\t\t\t\t<div class=\"elementor-element elementor-element-56a8cc7 elementor-widget__width-initial elementor-widget elementor-widget-image\" data-id=\"56a8cc7\" data-element_type=\"widget\" data-widget_type=\"image.default\">\n\t\t\t\t<div class=\"elementor-widget-container\">\n\t\t\t<style>\/*! elementor - v3.17.0 - 08-11-2023 *\/\n.elementor-widget-image{text-align:center}.elementor-widget-image a{display:inline-block}.elementor-widget-image a img[src$=\".svg\"]{width:48px}.elementor-widget-image img{vertical-align:middle;display:inline-block}<\/style>\t\t\t\t\t\t\t\t\t\t\t\t\t<a href=\"https:\/\/rezal.hr\/\">\n\t\t\t\t\t\t\t<img fetchpriority=\"high\" decoding=\"async\" width=\"768\" height=\"162\" src=\"https:\/\/rezal.hr\/wp-content\/uploads\/2023\/11\/rezal-logo.svg\" class=\"attachment-full size-full wp-image-2037\" alt=\"\" \/>\t\t\t\t\t\t\t\t<\/a>\n\t\t\t\t\t\t\t\t\t\t\t\t\t\t\t<\/div>\n\t\t\t\t<\/div>\n\t\t\t\t<div class=\"elementor-element elementor-element-78e0eaf elementor-widget elementor-widget-heading\" data-id=\"78e0eaf\" data-element_type=\"widget\" data-widget_type=\"heading.default\">\n\t\t\t\t<div class=\"elementor-widget-container\">\n\t\t\t<style>\/*! elementor - v3.17.0 - 08-11-2023 *\/\n.elementor-heading-title{padding:0;margin:0;line-height:1}.elementor-widget-heading .elementor-heading-title[class*=elementor-size-]>a{color:inherit;font-size:inherit;line-height:inherit}.elementor-widget-heading .elementor-heading-title.elementor-size-small{font-size:15px}.elementor-widget-heading .elementor-heading-title.elementor-size-medium{font-size:19px}.elementor-widget-heading .elementor-heading-title.elementor-size-large{font-size:29px}.elementor-widget-heading .elementor-heading-title.elementor-size-xl{font-size:39px}.elementor-widget-heading .elementor-heading-title.elementor-size-xxl{font-size:59px}<\/style><h2 class=\"elementor-heading-title elementor-size-default\"><a href=\"https:\/\/rezal.hr\/?page_id=2062\">Virtualna \u0161etnica<\/a><\/h2>\t\t<\/div>\n\t\t\t\t<\/div>\n\t\t\t\t<div class=\"elementor-element elementor-element-71950c5 elementor-widget elementor-widget-heading\" data-id=\"71950c5\" data-element_type=\"widget\" data-widget_type=\"heading.default\">\n\t\t\t\t<div class=\"elementor-widget-container\">\n\t\t\t<h2 class=\"elementor-heading-title elementor-size-default\"><a href=\"https:\/\/rezal.hr\/?page_id=2130\">Projekti<\/a><\/h2>\t\t<\/div>\n\t\t\t\t<\/div>\n\t\t\t\t\t<\/div>\n\t\t\t\t<\/div>\n\t\t<div class=\"elementor-element elementor-element-6007a09 e-flex e-con-boxed e-con e-parent\" data-id=\"6007a09\" data-element_type=\"container\" data-settings=\"{&quot;content_width&quot;:&quot;boxed&quot;}\" data-core-v316-plus=\"true\">\n\t\t\t\t\t<div class=\"e-con-inner\">\n\t\t\t\t<div class=\"elementor-element elementor-element-ff6f436 elementor-widget elementor-widget-html\" data-id=\"ff6f436\" data-element_type=\"widget\" data-widget_type=\"html.default\">\n\t\t\t\t<div class=\"elementor-widget-container\">\n\t\t\t<iframe src=\"https:\/\/www.google.com\/maps\/embed?pb=!4v1566759480766!6m8!1m7!1sCAoSLEFGMVFpcE81cExjb3dnYzRVOUxJQm9qeWZnUlJ6eklBVlcwRkNZT2xDcl9q!2m2!1d43.527434234974!2d16.503827770311!3f14.956206145108565!4f1.959525037823724!5f0.4000000000000002\" width=\"100%\" height=\"600px\" frameborder=\"0\" style=\"border:0;\" allowfullscreen=\"\"><\/iframe>\t\t<\/div>\n\t\t\t\t<\/div>\n\t\t<div class=\"elementor-element elementor-element-a587705 e-flex e-con-boxed e-con e-child\" data-id=\"a587705\" data-element_type=\"container\" data-settings=\"{&quot;content_width&quot;:&quot;boxed&quot;}\">\n\t\t\t\t\t<div class=\"e-con-inner\">\n\t\t\t\t<div class=\"elementor-element elementor-element-28de2a0 elementor-widget elementor-widget-text-editor\" data-id=\"28de2a0\" data-element_type=\"widget\" data-widget_type=\"text-editor.default\">\n\t\t\t\t<div class=\"elementor-widget-container\">\n\t\t\t<style>\/*! elementor - v3.17.0 - 08-11-2023 *\/\n.elementor-widget-text-editor.elementor-drop-cap-view-stacked .elementor-drop-cap{background-color:#69727d;color:#fff}.elementor-widget-text-editor.elementor-drop-cap-view-framed .elementor-drop-cap{color:#69727d;border:3px solid;background-color:transparent}.elementor-widget-text-editor:not(.elementor-drop-cap-view-default) .elementor-drop-cap{margin-top:8px}.elementor-widget-text-editor:not(.elementor-drop-cap-view-default) .elementor-drop-cap-letter{width:1em;height:1em}.elementor-widget-text-editor .elementor-drop-cap{float:left;text-align:center;line-height:1;font-size:50px}.elementor-widget-text-editor .elementor-drop-cap-letter{display:inline-block}<\/style>\t\t\t\t<p><strong>Rezal d.o.o.<\/strong><br \/>Dra\u010devac 9, Split<br \/>21000, Split<\/p>\t\t\t\t\t\t<\/div>\n\t\t\t\t<\/div>\n\t\t\t\t<div class=\"elementor-element elementor-element-89e34a0 elementor-widget elementor-widget-text-editor\" data-id=\"89e34a0\" data-element_type=\"widget\" data-widget_type=\"text-editor.default\">\n\t\t\t\t<div class=\"elementor-widget-container\">\n\t\t\t\t\t\t\t<p>Ra\u010dunovodstvo<br \/><a class=\"c-link c-link--underline\" href=\"mailto:racunovodstvo@rezal.hr\" target=\"_blank\" rel=\"noopener noreferrer\" data-stringify-link=\"mailto:racunovodstvo@rezal.hr\" data-sk=\"tooltip_parent\" aria-haspopup=\"menu\">racunovodstvo@rezal.hr<\/a>\u00a0<br \/>021 374\u00a0303<\/p>\t\t\t\t\t\t<\/div>\n\t\t\t\t<\/div>\n\t\t\t\t<div class=\"elementor-element elementor-element-3bcf713 elementor-widget elementor-widget-text-editor\" data-id=\"3bcf713\" data-element_type=\"widget\" data-widget_type=\"text-editor.default\">\n\t\t\t\t<div class=\"elementor-widget-container\">\n\t\t\t\t\t\t\t<p>Prodaja<br \/><a class=\"c-link c-link--underline\" href=\"mailto:rezal.split@rezal.hr\" target=\"_blank\" rel=\"noopener noreferrer\" data-stringify-link=\"mailto:rezal.split@rezal.hr\" data-sk=\"tooltip_parent\" aria-haspopup=\"menu\">rezal.split@rezal.hr<\/a><br \/>099 835 7245<\/p><p><br \/><br \/><\/p>\t\t\t\t\t\t<\/div>\n\t\t\t\t<\/div>\n\t\t\t\t\t<\/div>\n\t\t\t\t<\/div>\n\t\t\t\t\t<\/div>\n\t\t\t\t<\/div>\n\t\t\t\t\t\t\t<\/div>\n\t\t","protected":false},"excerpt":{"rendered":"<p>Virtualna \u0161etnica Projekti Rezal d.o.o.Dra\u010devac 9, Split21000, Split Ra\u010dunovodstvoracunovodstvo@rezal.hr\u00a0021 374\u00a0303 Prodajarezal.split@rezal.hr099 835 7245<\/p>\n","protected":false},"author":1,"featured_media":0,"parent":0,"menu_order":0,"comment_status":"closed","ping_status":"closed","template":"elementor_canvas","meta":{"inline_featured_image":false,"footnotes":""},"_links":{"self":[{"href":"https:\/\/rezal.hr\/index.php?rest_route=\/wp\/v2\/pages\/2062"}],"collection":[{"href":"https:\/\/rezal.hr\/index.php?rest_route=\/wp\/v2\/pages"}],"about":[{"href":"https:\/\/rezal.hr\/index.php?rest_route=\/wp\/v2\/types\/page"}],"author":[{"embeddable":true,"href":"https:\/\/rezal.hr\/index.php?rest_route=\/wp\/v2\/users\/1"}],"replies":[{"embeddable":true,"href":"https:\/\/rezal.hr\/index.php?rest_route=%2Fwp%2Fv2%2Fcomments&post=2062"}],"version-history":[{"count":22,"href":"https:\/\/rezal.hr\/index.php?rest_route=\/wp\/v2\/pages\/2062\/revisions"}],"predecessor-version":[{"id":2151,"href":"https:\/\/rezal.hr\/index.php?rest_route=\/wp\/v2\/pages\/2062\/revisions\/2151"}],"wp:attachment":[{"href":"https:\/\/rezal.hr\/index.php?rest_route=%2Fwp%2Fv2%2Fmedia&parent=2062"}],"curies":[{"name":"wp","href":"https:\/\/api.w.org\/{rel}","templated":true}]}}